{"id":13,"date":"2023-12-07T11:32:52","date_gmt":"2023-12-07T10:32:52","guid":{"rendered":"http:\/\/pechanous.org\/?page_id=13"},"modified":"2026-04-13T11:43:26","modified_gmt":"2026-04-13T09:43:26","slug":"les-news","status":"publish","type":"page","link":"http:\/\/pechanous.org\/index.php\/les-news\/","title":{"rendered":"Programmation &#8211;  Ap\u00e9ros concerts et autres dates&#8230;"},"content":{"rendered":"\n<figure class=\"wp-block-pullquote\"><blockquote><p><mark style=\"background-color:#00d084\" class=\"has-inline-color\"><strong>Tous les Concerts et Discutes sont GRATUITS<\/strong><\/mark><br>On fait passer un chapeau en fin de prestation <br>Pas de r\u00e9servation, venez les 1ers !!<br>BIENVENUE !<\/p><\/blockquote><\/figure>\n\n\n\n<p>A savoir : chaque concert est accompagn\u00e9 d&rsquo;un <strong>food truck<\/strong> qui vient compl\u00e9ter les grignotages et les boissons propos\u00e9es par le bar.<\/p>\n\n\n\n<h2 class=\"wp-block-heading\">&#8211; <mark style=\"background-color:rgba(0, 0, 0, 0)\" class=\"has-inline-color has-vivid-green-cyan-color\">Samedi 18 avril, \u00e0 19h30<\/mark> : Ap\u00e9ro-Concert avec Minimeska\u00efa<\/h2>\n\n\n\n<p>Amoureux du <strong>style Django et sa fougue guitaristique<\/strong>, mais aussi des <strong>ballades r\u00eaveuses <\/strong>de la Nouvelle-Orl\u00e9ans, avec des incursions dans les musiques traditionnelles (Italie, Su\u00e8de&#8230;), Minimeska\u00efa trio vous propose un voyage musical aux tonalit\u00e9s \u00e0 la fois dansantes et envo\u00fbtantes!\u00a0<br><br><strong>Food truck invit\u00e9 <\/strong>: Le Camihong, et sa d\u00e9licieuse cuisine asiatique &#8230;<\/p>\n\n\n\n<figure class=\"wp-block-image size-full\"><img loading=\"lazy\" decoding=\"async\" width=\"466\" height=\"651\" src=\"http:\/\/pechanous.org\/wp-content\/uploads\/2026\/03\/26-avril-minimeskaia.png\" alt=\"\" class=\"wp-image-1059\" srcset=\"http:\/\/pechanous.org\/wp-content\/uploads\/2026\/03\/26-avril-minimeskaia.png 466w, http:\/\/pechanous.org\/wp-content\/uploads\/2026\/03\/26-avril-minimeskaia-215x300.png 215w\" sizes=\"auto, (max-width: 466px) 100vw, 466px\" \/><\/figure>\n\n\n\n<hr class=\"wp-block-separator has-alpha-channel-opacity\"\/>\n\n\n\n<h2 class=\"wp-block-heading\">&#8211; <mark style=\"background-color:rgba(0, 0, 0, 0)\" class=\"has-inline-color has-vivid-green-cyan-color\">Samedi 23 mai, \u00e0 19h30<\/mark> : Ap\u00e9ro-Concert du Cam\u00e9l\u00e9on Z\u00e9br\u00e9 !<\/h2>\n\n\n\n<p>Le <strong>Cam\u00e9l\u00e9on Z\u00e9br\u00e9<\/strong> est un trio fl\u00fbte, percussion et accordina, cr\u00e9\u00e9 en 2024.<br>Son r\u00e9pertoire est un <strong>joyeux m\u00e9lange d&rsquo;influences occitanes, allemandes, musiques du moyen-\u00e2ge<\/strong> qui garde 2 lignes directrices : l\u2019utilisation d&rsquo;instruments de musique issus d\u2019une \u201clutherie sauvage\u201d (fabriqu\u00e9s \u00e0 partir d\u2019\u00e9l\u00e9ments trouv\u00e9s dans la nature ou de mat\u00e9riaux de r\u00e9cup\u00e9ration), ce qui conf\u00e8re une approche tr\u00e8s ludique de leur musique, et un grand jeu avec les mots et les langues (allemandes, fran\u00e7aises, dada\u00efstes) compl\u00e9t\u00e9es par le langage imaginaire de Fred BAMBOU. \u00ab\u00a0U<em>n trio musical connu pour son style d\u00e9jant\u00e9 et \u00e9clectique, m\u00ealant influences germaniques, occitanes et fran\u00e7aises&#8230; Ca d\u00e9coiffe !<\/em>\u00ab\u00a0<\/p>\n\n\n\n<p>Avec\u00a0: \u00a0Didier DULIEUX \u2013 accordina, Fred BAMBOU \u2013 Cordes, percussions, chant, Eva HAHN\u00a0: Fl\u00fbtes, Ukul\u00e9l\u00e9, chant<\/p>\n\n\n\n<p>Biens\u00fbr un foodtruck sera l\u00e0<\/p>\n\n\n\n<figure class=\"wp-block-image size-full is-resized\"><img loading=\"lazy\" decoding=\"async\" width=\"523\" height=\"738\" src=\"http:\/\/pechanous.org\/wp-content\/uploads\/2026\/04\/26-mai-Cameleon.png\" alt=\"\" class=\"wp-image-1065\" style=\"width:444px;height:auto\" srcset=\"http:\/\/pechanous.org\/wp-content\/uploads\/2026\/04\/26-mai-Cameleon.png 523w, http:\/\/pechanous.org\/wp-content\/uploads\/2026\/04\/26-mai-Cameleon-213x300.png 213w\" sizes=\"auto, (max-width: 523px) 100vw, 523px\" \/><\/figure>\n\n\n\n<hr class=\"wp-block-separator has-alpha-channel-opacity\"\/>\n\n\n\n<h2 class=\"wp-block-heading\">&#8211; <mark style=\"background-color:rgba(0, 0, 0, 0)\" class=\"has-inline-color has-vivid-cyan-blue-color\">Vendredi 5 juin, \u00e0 partir de 19h<\/mark> : Soit\u00e9e tapas italiennes&#8230; <\/h2>\n\n\n\n<p>2 en 1 : organis\u00e9e par nos Comit\u00e9s de langues, venez d\u00e9guster \u00e0 la fois des tapas espagnoles et des antipasti italiennes !  Alors, <mark style=\"background-color:rgba(0, 0, 0, 0)\" class=\"has-inline-color has-black-color\">Soir\u00e9e hispano-italienne ou italo-espagnole ? C&rsquo;est au c<\/mark>hoix &#8230;<\/p>\n\n\n\n<hr class=\"wp-block-separator has-alpha-channel-opacity\"\/>\n\n\n\n<h2 class=\"wp-block-heading\">&#8211; <mark style=\"background-color:rgba(0, 0, 0, 0)\" class=\"has-inline-color has-vivid-green-cyan-color\">Mercredi 24 juin, \u00e0 20h <\/mark>: R\u00e9cital des Pechabouches, la chorale de Pechabou<\/h2>\n\n\n\n<hr class=\"wp-block-separator has-alpha-channel-opacity\"\/>\n\n\n\n<h2 class=\"wp-block-heading\">&#8211;<mark style=\"background-color:#00d084\" class=\"has-inline-color has-white-color\"> Samedi 27 juin, JOURNEE-SOIREE FETE DE LA MUSIQUE !!<\/mark><\/h2>\n\n\n\n<p>A partir de 14h une succession d&rsquo;artistes se produiront sur la sc\u00e8ne et la terrasse du bar pour c\u00e9l\u00e9brer la F\u00eate de la musique. <br>Le Comit\u00e9 des F\u00eates et le Bar vous concocte une journ\u00e9e riche en petits concerts, en animations et en <strong>Pechaburgers !!<\/strong><br>2 points d&rsquo;orgue :<br>&#8211;<strong> l&rsquo;ap\u00e9ro-concert <mark style=\"background-color:rgba(0, 0, 0, 0)\" class=\"has-inline-color has-black-color\">Cumbia not cumbia<\/mark><\/strong><mark style=\"background-color:rgba(0, 0, 0, 0)\" class=\"has-inline-color has-black-color\"> \u00e0 19h30 <em>(<\/em><\/mark><em>C&rsquo;est comme le port-salut, c&rsquo;est \u00e9crit dessus&#8230;)<\/em><br><em>Cumbia or not cumbia est un collectif de 6 musiciens qui propose un r\u00e9pertoire m\u00ealant sonorit\u00e9s Latines, Punk\u00a0 psych\u00e9d\u00e9lique en passant par quelques grands classiques de la cumbia latine.<\/em><br>&#8211; et un <strong>concert \u00e9lectro de prolongation<\/strong> \u00e0 partir de 22h . <br>On vous en dit plus bient\u00f4t mais r\u00e9servez votre soir\u00e9e (et vos pechaburgers !).<\/p>\n\n\n\n<hr class=\"wp-block-separator has-alpha-channel-opacity\"\/>\n\n\n\n<p><mark style=\"background-color:rgba(0, 0, 0, 0)\" class=\"has-inline-color has-vivid-green-cyan-color\"><strong>Et les r\u00e9jouissances jusqu&rsquo;\u00e0 fin 2026 :<\/strong><\/mark><\/p>\n\n\n\n<ul class=\"wp-block-list\">\n<li>Samedi 25 juillet : Ap\u00e9ro-Concert avec La Bavarde<\/li>\n\n\n\n<li>Samedi 22 ao\u00fbt : Ap\u00e9ro-Concert<\/li>\n\n\n\n<li>Samedi 26 septembre : Quartet jazz Andr\u00e9 Sutre<\/li>\n\n\n\n<li>Samedi 17 octobre : K\u00e9manche Duo FU<\/li>\n\n\n\n<li>Samedi 21 novembre : Jolie M\u00f4me<\/li>\n<\/ul>\n\n\n\n<hr class=\"wp-block-separator has-alpha-channel-opacity\"\/>\n\n\n\n<h2 class=\"wp-block-heading\"><mark style=\"background-color:rgba(0, 0, 0, 0)\" class=\"has-inline-color has-vivid-green-cyan-color\">Et toujours dans le bar :<\/mark><\/h2>\n\n\n\n<p>tous les vendredis et mercredis retrouvez :<\/p>\n\n\n\n<ul class=\"wp-block-list\">\n<li><strong>La bi\u00e8re \u00e9ph\u00e8m\u00e8re,<\/strong> choisie avec amour, pour vous surprendre, par notre d\u00e9nicheur-barman Fran\u00e7ois<\/li>\n\n\n\n<li>L<strong>e pain de Jo livr\u00e9 tout frais au comptoir le mercredi,<\/strong> si vous l&rsquo;avez command\u00e9 le mardi avant 12h sur www.lespetitspains.fr<\/li>\n\n\n\n<li><strong>Le stand d&rsquo;\u00e9picerie fine et traiteur italien<\/strong> Casa Ugo, tous les mercredis soir, sous la halle<\/li>\n\n\n\n<li><strong>Le stand Maraicher<\/strong> super bio et local de Thierry sous forme de panier command\u00e9\/livr\u00e9 tous les mercredis au bar (les jardins du fort &#8211; Thierry Duprat)<\/li>\n\n\n\n<li>Les F<strong>ood truck MI RANCHITO, et le Food Truck libanais \u00ab\u00a0O Bey\u00a0\u00bb vous proposent, en alternance, tous les vendredis<\/strong>, des empanadas et des mezz\u00e9es et plats libanais Maison<br>En principe : OBey les semaines impairs, et Mi Ranchito les semaines pairs<\/li>\n\n\n\n<li><strong>des livres et un baby foot<\/strong>\u00a0en libre service,<\/li>\n\n\n\n<li>ET une petite&nbsp;<strong>\u00e9picerie s\u00e8che<\/strong>&nbsp;dont les rayons se diversifient : p\u00e2tes bio du Tarn Bapla, p\u00e2t\u00e9s, saucissons, tartinades de l\u00e9gumes, bi\u00e8res et vins&#8230; <a rel=\"noreferrer noopener\" href=\"http:\/\/pechanous.org\/index.php\/relais-epicerie\/\" target=\"_blank\">De quoi vous d\u00e9panner un jour de frigo vide !<\/a><br><\/li>\n<\/ul>\n\n\n\n<p>On vous voit bient\u00f4t ?<\/p>\n\n\n\n<figure class=\"wp-block-image size-large is-resized\"><img loading=\"lazy\" decoding=\"async\" width=\"1024\" height=\"718\" src=\"http:\/\/pechanous.org\/wp-content\/uploads\/2023\/02\/pele-mele-1024x718.png\" alt=\"\" class=\"wp-image-440\" style=\"width:840px;height:588px\" srcset=\"http:\/\/pechanous.org\/wp-content\/uploads\/2023\/02\/pele-mele-1024x718.png 1024w, http:\/\/pechanous.org\/wp-content\/uploads\/2023\/02\/pele-mele-300x210.png 300w, http:\/\/pechanous.org\/wp-content\/uploads\/2023\/02\/pele-mele-768x538.png 768w, http:\/\/pechanous.org\/wp-content\/uploads\/2023\/02\/pele-mele.png 1083w\" sizes=\"auto, (max-width: 1024px) 100vw, 1024px\" \/><\/figure>\n\n\n\n<p><\/p>\n","protected":false},"excerpt":{"rendered":"<div class=\"entry-summary\">\nTous les Concerts et Discutes sont GRATUITSOn fait passer un chapeau en&hellip;\n<\/div>\n<div class=\"link-more\"><a href=\"http:\/\/pechanous.org\/index.php\/les-news\/\" class=\"more-link\">Continue reading<span class=\"screen-reader-text\"> &ldquo;Programmation &#8211;  Ap\u00e9ros concerts et autres dates&#8230;&rdquo;<\/span>&hellip;<\/a><\/div>\n","protected":false},"author":2,"featured_media":0,"parent":0,"menu_order":0,"comment_status":"closed","ping_status":"closed","template":"","meta":{"footnotes":""},"class_list":["post-13","page","type-page","status-publish","hentry","entry"],"_links":{"self":[{"href":"http:\/\/pechanous.org\/index.php\/wp-json\/wp\/v2\/pages\/13","targetHints":{"allow":["GET"]}}],"collection":[{"href":"http:\/\/pechanous.org\/index.php\/wp-json\/wp\/v2\/pages"}],"about":[{"href":"http:\/\/pechanous.org\/index.php\/wp-json\/wp\/v2\/types\/page"}],"author":[{"embeddable":true,"href":"http:\/\/pechanous.org\/index.php\/wp-json\/wp\/v2\/users\/2"}],"replies":[{"embeddable":true,"href":"http:\/\/pechanous.org\/index.php\/wp-json\/wp\/v2\/comments?post=13"}],"version-history":[{"count":228,"href":"http:\/\/pechanous.org\/index.php\/wp-json\/wp\/v2\/pages\/13\/revisions"}],"predecessor-version":[{"id":1067,"href":"http:\/\/pechanous.org\/index.php\/wp-json\/wp\/v2\/pages\/13\/revisions\/1067"}],"wp:attachment":[{"href":"http:\/\/pechanous.org\/index.php\/wp-json\/wp\/v2\/media?parent=13"}],"curies":[{"name":"wp","href":"https:\/\/api.w.org\/{rel}","templated":true}]}}