{"id":3,"date":"2021-10-02T10:09:57","date_gmt":"2021-10-02T08:09:57","guid":{"rendered":"http:\/\/pechanous.org\/?page_id=3"},"modified":"2021-11-14T23:08:43","modified_gmt":"2021-11-14T22:08:43","slug":"statuts-et-reglement","status":"publish","type":"page","link":"http:\/\/pechanous.org\/index.php\/statuts-et-reglement\/","title":{"rendered":"Statuts et r\u00e8glements"},"content":{"rendered":"\n<h2 class=\"wp-block-heading\">R\u00e8glements Int\u00e9rieur<\/h2>\n\n\n\n<p>Le<strong class=\"privacy-policy-tutorial\"><\/strong> r\u00e8glement int\u00e9rieur du Pech&rsquo;\u00e0 nous est disponible ici : <a rel=\"noreferrer noopener\" href=\"http:\/\/pechanous.org\/docs\/RI_v20211114\" target=\"_blank\">http:\/\/pechanous.org\/docs\/RI_v20211114<\/a> <\/p>\n\n\n\n<h2 class=\"wp-block-heading\">Statuts<\/h2>\n\n\n\n<p>Les statuts de l&rsquo;association sont disponibles ici : <a href=\"http:\/\/pechanous.org\/docs\/STATUTS_v20211114.pdf\" target=\"_blank\" rel=\"noreferrer noopener\">http:\/\/pechanous.org\/docs\/STATUTS_v20211114.pdf<\/a><\/p>\n","protected":false},"excerpt":{"rendered":"<div class=\"entry-summary\">\nR\u00e8glements Int\u00e9rieur Le r\u00e8glement int\u00e9rieur du Pech&rsquo;\u00e0 nous est disponible ici :&hellip;\n<\/div>\n<div class=\"link-more\"><a href=\"http:\/\/pechanous.org\/index.php\/statuts-et-reglement\/\" class=\"more-link\">Continue reading<span class=\"screen-reader-text\"> &ldquo;Statuts et r\u00e8glements&rdquo;<\/span>&hellip;<\/a><\/div>\n","protected":false},"author":1,"featured_media":0,"parent":0,"menu_order":0,"comment_status":"closed","ping_status":"closed","template":"","meta":{"footnotes":""},"class_list":["post-3","page","type-page","status-publish","hentry","entry"],"_links":{"self":[{"href":"http:\/\/pechanous.org\/index.php\/wp-json\/wp\/v2\/pages\/3","targetHints":{"allow":["GET"]}}],"collection":[{"href":"http:\/\/pechanous.org\/index.php\/wp-json\/wp\/v2\/pages"}],"about":[{"href":"http:\/\/pechanous.org\/index.php\/wp-json\/wp\/v2\/types\/page"}],"author":[{"embeddable":true,"href":"http:\/\/pechanous.org\/index.php\/wp-json\/wp\/v2\/users\/1"}],"replies":[{"embeddable":true,"href":"http:\/\/pechanous.org\/index.php\/wp-json\/wp\/v2\/comments?post=3"}],"version-history":[{"count":2,"href":"http:\/\/pechanous.org\/index.php\/wp-json\/wp\/v2\/pages\/3\/revisions"}],"predecessor-version":[{"id":76,"href":"http:\/\/pechanous.org\/index.php\/wp-json\/wp\/v2\/pages\/3\/revisions\/76"}],"wp:attachment":[{"href":"http:\/\/pechanous.org\/index.php\/wp-json\/wp\/v2\/media?parent=3"}],"curies":[{"name":"wp","href":"https:\/\/api.w.org\/{rel}","templated":true}]}}